{"id":85,"date":"2024-08-08T13:10:13","date_gmt":"2024-08-08T13:10:13","guid":{"rendered":"https:\/\/teamtic.net\/?page_id=85"},"modified":"2024-08-09T13:37:30","modified_gmt":"2024-08-09T13:37:30","slug":"services","status":"publish","type":"page","link":"https:\/\/teamtic.net\/index.php\/services\/","title":{"rendered":"Services"},"content":{"rendered":"\n<p class=\"has-text-align-center has-contrast-dark-color has-text-color has-superbfont-small-font-size\"><strong><em>Transformez votre entreprise avec nos solutions digitales innovantes. Que vous cherchiez \u00e0 moderniser vos op\u00e9rations ou \u00e0 optimiser votre pr\u00e9sence num\u00e9rique, nous avons les outils et l&rsquo;expertise pour vous guider dans chaque \u00e9tape de votre transformation digitale.<\/em><\/strong><\/p>\n\n\n\n<div class=\"wp-block-columns has-vivid-cyan-blue-color has-text-color has-link-color wp-elements-4358b7167cbcb11aac318fada1b015c3 is-layout-flex wp-container-core-columns-is-layout-28f84493 wp-block-columns-is-layout-flex\">\n<div class=\"wp-block-column has-border-color has-mono-1-border-color has-mono-4-background-color has-background is-layout-flow wp-block-column-is-layout-flow\" style=\"border-width:20px;padding-top:var(--wp--preset--spacing--superbspacing-small);padding-right:var(--wp--preset--spacing--superbspacing-small);padding-bottom:var(--wp--preset--spacing--superbspacing-small);padding-left:var(--wp--preset--spacing--superbspacing-small)\">\n<figure class=\"wp-block-image aligncenter size-full is-resized\"><img loading=\"lazy\" decoding=\"async\" width=\"132\" height=\"115\" src=\"https:\/\/teamtic.net\/wp-content\/uploads\/2024\/08\/Capture-removebg-preview-4.png\" alt=\"\" class=\"wp-image-86\" style=\"aspect-ratio:1;object-fit:cover;width:88px;height:auto\"\/><\/figure>\n\n\n\n<h3 class=\"wp-block-heading has-text-align-center has-mono-1-color has-text-color has-link-color has-superbfont-medium-font-size wp-elements-ae5c6f611f5a90b8a80f213a01ee5a32\" style=\"margin-top:0;margin-bottom:0\">Design UX\/UI<\/h3>\n\n\n\n<p class=\"has-text-align-center has-mono-2-color has-text-color has-superbfont-xsmall-font-size\" style=\"margin-top:var(--wp--preset--spacing--superbspacing-xxsmall);margin-bottom:0\"><strong>Design Graphique :<\/strong> Cr\u00e9ation d&rsquo;identit\u00e9s visuelles, logos, et autres \u00e9l\u00e9ments graphiques.<br><strong>Conception UX\/UI :<\/strong> Am\u00e9lioration de l&rsquo;exp\u00e9rience utilisateur sur les sites web et applications.<\/p>\n\n\n\n<p class=\"has-text-align-center has-mono-2-color has-text-color has-superbfont-xsmall-font-size\" style=\"margin-top:var(--wp--preset--spacing--superbspacing-xxsmall);margin-bottom:0\">.<\/p>\n<\/div>\n\n\n\n<div class=\"wp-block-column has-border-color has-mono-1-border-color has-mono-4-background-color has-background is-layout-flow wp-block-column-is-layout-flow\" style=\"border-width:20px;padding-top:var(--wp--preset--spacing--superbspacing-small);padding-right:var(--wp--preset--spacing--superbspacing-small);padding-bottom:var(--wp--preset--spacing--superbspacing-small);padding-left:var(--wp--preset--spacing--superbspacing-small)\">\n<figure class=\"wp-block-image aligncenter size-full is-resized\"><img loading=\"lazy\" decoding=\"async\" width=\"79\" height=\"82\" src=\"https:\/\/teamtic.net\/wp-content\/uploads\/2024\/08\/Capture-removebg-preview-2-1.png\" alt=\"\" class=\"wp-image-87\" style=\"aspect-ratio:1;object-fit:cover;width:86px;height:auto\"\/><\/figure>\n\n\n\n<h3 class=\"wp-block-heading has-text-align-center has-mono-1-color has-text-color has-link-color has-superbfont-medium-font-size wp-elements-12f9a985b7dd8a0ccdb2cdc9e7059b74\" style=\"margin-top:0;margin-bottom:0\">Strat\u00e9gie et Conseil<\/h3>\n\n\n\n<p class=\"has-text-align-center has-mono-2-color has-text-color has-superbfont-xsmall-font-size\" style=\"margin-top:var(--wp--preset--spacing--superbspacing-xxsmall);margin-bottom:0\">Analyse de march\u00e9 et audit digital,<br>\u00c9laboration de strat\u00e9gies digitales personnalis\u00e9es,<br>Conseils en transformation num\u00e9rique;          SEO (Search Engine Optimization);Publicit\u00e9 en Ligne (SEA) : Gestion de campagnes publicitaires payantes (Google Ads, Facebook Ads, etc.). <\/p>\n\n\n\n<p class=\"has-text-align-center has-mono-2-color has-text-color has-superbfont-xsmall-font-size\" style=\"margin-top:var(--wp--preset--spacing--superbspacing-xxsmall);margin-bottom:0\">.<\/p>\n<\/div>\n\n\n\n<div class=\"wp-block-column has-border-color has-mono-1-border-color has-mono-4-background-color has-background is-layout-flow wp-block-column-is-layout-flow\" style=\"border-width:20px;padding-top:var(--wp--preset--spacing--superbspacing-small);padding-right:var(--wp--preset--spacing--superbspacing-small);padding-bottom:var(--wp--preset--spacing--superbspacing-small);padding-left:var(--wp--preset--spacing--superbspacing-small)\">\n<figure class=\"wp-block-image aligncenter size-full is-resized\"><img loading=\"lazy\" decoding=\"async\" width=\"80\" height=\"98\" src=\"https:\/\/teamtic.net\/wp-content\/uploads\/2024\/08\/Capture-removebg-preview-1-1.png\" alt=\"\" class=\"wp-image-88\" style=\"aspect-ratio:1;object-fit:cover;width:88px;height:auto\"\/><\/figure>\n\n\n\n<h3 class=\"wp-block-heading has-text-align-center has-mono-1-color has-text-color has-superbfont-medium-font-size\" style=\"margin-top:0;margin-bottom:0\">Developpement d&rsquo;application<\/h3>\n\n\n\n<p class=\"has-text-align-center has-mono-2-color has-text-color has-superbfont-xsmall-font-size\" style=\"margin-top:var(--wp--preset--spacing--superbspacing-xxsmall);margin-bottom:0\">Applications Mobiles,<\/p>\n\n\n\n<p class=\"has-text-align-center has-mono-2-color has-text-color has-superbfont-xsmall-font-size\" style=\"margin-top:0;margin-bottom:0\">Applications Web,<\/p>\n\n\n\n<p class=\"has-text-align-center has-mono-2-color has-text-color has-superbfont-xsmall-font-size\" style=\"margin-top:0;margin-bottom:0\">Solutions sur mesure,<\/p>\n\n\n\n<p class=\"has-text-align-center has-mono-2-color has-text-color has-superbfont-xsmall-font-size\" style=\"margin-top:0;margin-bottom:0\"><strong>E-commerce :<\/strong> d\u00e9veloppement de boutiques en ligne et solutions de paiement.<\/p>\n\n\n\n<p class=\"has-text-align-center has-mono-2-color has-text-color has-superbfont-xsmall-font-size\" style=\"margin-top:0;margin-bottom:0\">Personnalisation et configuration des logiciels standards(CMS, ERP, etc&#8230;),<\/p>\n\n\n\n<p class=\"has-text-align-center has-mono-2-color has-text-color has-superbfont-xsmall-font-size\" style=\"margin-top:0;margin-bottom:0\">Conception et Prototypage, <\/p>\n\n\n\n<p class=\"has-text-align-center has-mono-2-color has-text-color has-superbfont-xsmall-font-size\" style=\"margin-top:0;margin-bottom:0\">Maintenance et Support,<\/p>\n\n\n\n<p class=\"has-text-align-center has-mono-2-color has-text-color has-superbfont-xsmall-font-size\" style=\"margin-top:0;margin-bottom:0\">S\u00e9curit\u00e9 et Conformit\u00e9;<\/p>\n\n\n\n<p class=\"has-text-align-center has-mono-2-color has-text-color has-superbfont-xsmall-font-size\" style=\"margin-top:0;margin-bottom:0\"> Avec des Solutions Cloud et Infrastructure IT(IaaS, PaaS, SaaS, etc.).<\/p>\n<\/div>\n<\/div>\n\n\n\n<div class=\"wp-block-columns is-layout-flex wp-container-core-columns-is-layout-28f84493 wp-block-columns-is-layout-flex\">\n<div class=\"wp-block-column has-border-color has-mono-1-border-color has-mono-4-background-color has-background is-layout-flow wp-block-column-is-layout-flow\" style=\"border-width:20px;padding-top:var(--wp--preset--spacing--superbspacing-small);padding-right:var(--wp--preset--spacing--superbspacing-small);padding-bottom:var(--wp--preset--spacing--superbspacing-small);padding-left:var(--wp--preset--spacing--superbspacing-small)\">\n<figure class=\"wp-block-image aligncenter size-full is-resized\"><img loading=\"lazy\" decoding=\"async\" width=\"93\" height=\"92\" src=\"https:\/\/teamtic.net\/wp-content\/uploads\/2024\/08\/Capture-removebg-preview-4-1.png\" alt=\"\" class=\"wp-image-186\" style=\"aspect-ratio:1;object-fit:cover;width:88px;height:auto\"\/><\/figure>\n\n\n\n<h3 class=\"wp-block-heading has-text-align-center has-mono-1-color has-text-color has-link-color has-superbfont-medium-font-size wp-elements-0eaa9f31e5423c294d8c9f9ecd999915\" style=\"margin-top:0;margin-bottom:0\">Formation<\/h3>\n\n\n\n<p class=\"has-text-align-center has-mono-2-color has-text-color has-superbfont-xsmall-font-size\" style=\"margin-top:0;margin-bottom:0\">Formation \u00e0 l\u2019Utilisation des Solutions D\u00e9velopp\u00e9es;<\/p>\n\n\n\n<p class=\"has-text-align-center has-mono-2-color has-text-color has-superbfont-xsmall-font-size\" style=\"margin-top:0;margin-bottom:0\">Formation en Gestion de Contenu;<\/p>\n\n\n\n<p class=\"has-text-align-center has-mono-2-color has-text-color has-superbfont-xsmall-font-size\" style=\"margin-top:0;margin-bottom:0\">Formation en Analyse et Reporting;<\/p>\n\n\n\n<p class=\"has-text-align-center has-mono-2-color has-text-color has-superbfont-xsmall-font-size\" style=\"margin-top:0;margin-bottom:0\">Formation en s\u00e9curit\u00e9 et maintenance des solutions d\u00e9v\u00e9lopp\u00e9es,<\/p>\n\n\n\n<p class=\"has-text-align-center has-mono-2-color has-text-color has-superbfont-xsmall-font-size\" style=\"margin-top:0;margin-bottom:0\">Formation en personnalisation et configuration;<\/p>\n\n\n\n<p class=\"has-text-align-center has-mono-2-color has-text-color has-superbfont-xsmall-font-size\" style=\"margin-top:0;margin-bottom:0\">Formation en utilisation des fonctionnalit\u00e9s avanc\u00e9es.                 Formation sur utilisation et configuration des logiciels standards: CMS, ERP Logiciels financiers, Opale etc&#8230;)<\/p>\n\n\n\n<p class=\"has-text-align-left has-mono-2-color has-text-color has-superbfont-xsmall-font-size\" style=\"margin-top:var(--wp--preset--spacing--superbspacing-xxsmall);margin-bottom:0\">.<\/p>\n<\/div>\n\n\n\n<div class=\"wp-block-column has-border-color has-mono-1-border-color has-mono-4-background-color has-background is-layout-flow wp-block-column-is-layout-flow\" style=\"border-width:20px;padding-top:var(--wp--preset--spacing--superbspacing-small);padding-right:var(--wp--preset--spacing--superbspacing-small);padding-bottom:var(--wp--preset--spacing--superbspacing-small);padding-left:var(--wp--preset--spacing--superbspacing-small)\">\n<figure class=\"wp-block-image aligncenter size-full is-resized\"><img loading=\"lazy\" decoding=\"async\" width=\"68\" height=\"87\" src=\"https:\/\/teamtic.net\/wp-content\/uploads\/2024\/08\/Capture-removebg-preview-5.png\" alt=\"\" class=\"wp-image-192\" style=\"aspect-ratio:1;object-fit:cover;width:92px;height:auto\"\/><\/figure>\n\n\n\n<h3 class=\"wp-block-heading has-text-align-center has-mono-1-color has-text-color has-link-color has-superbfont-medium-font-size wp-elements-facbc5fbd4cbf85fe919a794d1d0ee15\" style=\"margin-top:0;margin-bottom:0\">D\u00e9materialisation et impression<\/h3>\n\n\n\n<p class=\"has-text-align-center has-mono-2-color has-text-color has-superbfont-xsmall-font-size\" style=\"margin-top:0;margin-bottom:0\"><strong>Consultation en D\u00e9mat\u00e9rialisation<\/strong>;<\/p>\n\n\n\n<p class=\"has-text-align-center has-mono-2-color has-text-color has-superbfont-xsmall-font-size\" style=\"margin-top:0;margin-bottom:0\"><strong>D\u00e9veloppement de Solutions: <\/strong>Num\u00e9risation des documents, mise en place de syst\u00e8mes de gestion \u00e9lectronique des documents (GED),<br>Archivage \u00e9lectronique s\u00e9curis\u00e9;<\/p>\n\n\n\n<p class=\"has-text-align-center has-mono-2-color has-text-color has-superbfont-xsmall-font-size\" style=\"margin-top:0;margin-bottom:0\"><strong>Transfert des donn\u00e9es vers des solutions num\u00e9riques<\/strong>;<br><strong>Int\u00e9gration de technologies avanc\u00e9es<\/strong>.<\/p>\n\n\n\n<p class=\"has-text-align-center has-mono-2-color has-text-color has-superbfont-xsmall-font-size\" style=\"margin-top:var(--wp--preset--spacing--superbspacing-xxsmall);margin-bottom:0\">.<\/p>\n<\/div>\n\n\n\n<div class=\"wp-block-column has-border-color has-mono-1-border-color has-mono-4-background-color has-background is-layout-flow wp-block-column-is-layout-flow\" style=\"border-width:20px;padding-top:var(--wp--preset--spacing--superbspacing-small);padding-right:var(--wp--preset--spacing--superbspacing-small);padding-bottom:var(--wp--preset--spacing--superbspacing-small);padding-left:var(--wp--preset--spacing--superbspacing-small)\">\n<figure class=\"wp-block-image aligncenter size-full is-resized\"><img loading=\"lazy\" decoding=\"async\" width=\"115\" height=\"106\" src=\"https:\/\/teamtic.net\/wp-content\/uploads\/2024\/08\/Capture-removebg-preview-6.png\" alt=\"\" class=\"wp-image-193\" style=\"aspect-ratio:1;object-fit:cover;width:84px;height:auto\"\/><\/figure>\n\n\n\n<h3 class=\"wp-block-heading has-text-align-center has-mono-1-color has-text-color has-superbfont-medium-font-size\" style=\"margin-top:0;margin-bottom:0\">Solutions Data et IA<\/h3>\n\n\n\n<p class=\"has-text-align-center has-mono-2-color has-text-color has-superbfont-xsmall-font-size\" style=\"margin-top:var(--wp--preset--spacing--superbspacing-xxsmall);margin-bottom:0\"><strong>Data Science<\/strong><em><strong>: <\/strong>analyse et visualisation des donn\u00e9es<\/em><\/p>\n\n\n\n<p class=\"has-text-align-center has-mono-2-color has-text-color has-superbfont-xsmall-font-size\" style=\"margin-top:0;margin-bottom:0\"><strong>Big Data: <\/strong><em>Gestion et Traitement des grandes quantit\u00e9s de donn\u00e9es;<\/em><\/p>\n\n\n\n<p class=\"has-text-align-center has-mono-2-color has-text-color has-superbfont-xsmall-font-size\" style=\"margin-top:0;margin-bottom:0\"><strong>Intelligence Artificielle (IA)<\/strong>: <\/p>\n\n\n\n<p class=\"has-text-align-center has-mono-2-color has-text-color has-superbfont-xsmall-font-size\" style=\"margin-top:0;margin-bottom:0\"><em>D\u00e9veloppement de Mod\u00e8les IATraitement, du Langage Naturel (NLP);<\/em><\/p>\n\n\n\n<p class=\"has-text-align-center has-mono-2-color has-text-color has-superbfont-xsmall-font-size\" style=\"margin-top:0;margin-bottom:0\"><strong>Machine Learning:<\/strong><em><strong> <\/strong>mod\u00e9lisation pr\u00e9dictive , entra\u00eenement et optimisation des algorithmes<\/em>.<\/p>\n\n\n\n<p class=\"has-text-align-center has-mono-2-color has-text-color has-superbfont-xsmall-font-size\" style=\"margin-top:0;margin-bottom:0\">Internet des Objets (IoT):int\u00e9gration des capteurs, analyse des donn\u00e9es IoT.<\/p>\n<\/div>\n<\/div>\n\n\n\n<div class=\"wp-block-columns is-layout-flex wp-container-core-columns-is-layout-28f84493 wp-block-columns-is-layout-flex\">\n<div class=\"wp-block-column has-border-color has-mono-1-border-color has-mono-4-background-color has-background is-layout-flow wp-block-column-is-layout-flow\" style=\"border-width:20px;padding-top:var(--wp--preset--spacing--superbspacing-small);padding-right:var(--wp--preset--spacing--superbspacing-small);padding-bottom:var(--wp--preset--spacing--superbspacing-small);padding-left:var(--wp--preset--spacing--superbspacing-small)\">\n<figure class=\"wp-block-image aligncenter size-full is-resized\"><img loading=\"lazy\" decoding=\"async\" width=\"117\" height=\"104\" src=\"https:\/\/teamtic.net\/wp-content\/uploads\/2024\/08\/Capture-removebg-preview-7.png\" alt=\"\" class=\"wp-image-199\" style=\"aspect-ratio:1;object-fit:cover;width:88px;height:auto\"\/><\/figure>\n\n\n\n<h3 class=\"wp-block-heading has-text-align-center has-mono-1-color has-text-color has-link-color has-superbfont-medium-font-size wp-elements-f3e31fccc5022fa47b94aa57078c4c5b\" style=\"margin-top:0;margin-bottom:0\">Mat\u00e9riels informatiques<\/h3>\n\n\n\n<p class=\"has-text-align-center has-mono-2-color has-text-color has-superbfont-xsmall-font-size\" style=\"margin-top:var(--wp--preset--spacing--superbspacing-xxsmall);margin-bottom:0\">Ordinateurs: UC et portables, P\u00e9riph\u00e9riques de Stockage: DD, cl\u00e9s USB, Serveurs destockage; P\u00e9riph\u00e9riques d&rsquo;entr\u00e9e: Claviers, Souris, Scanners, lecteurs de Codes-Barres;P\u00e9ripherique de sortie: Iprimantes , moniteurs, projecteurs, enceintes,<\/p>\n\n\n\n<p class=\"has-text-align-center has-mono-2-color has-text-color has-superbfont-xsmall-font-size\" style=\"margin-top:var(--wp--preset--spacing--superbspacing-xxsmall);margin-bottom:0\">.<\/p>\n<\/div>\n\n\n\n<div class=\"wp-block-column has-border-color has-mono-1-border-color has-mono-4-background-color has-background is-layout-flow wp-block-column-is-layout-flow\" style=\"border-width:20px;padding-top:var(--wp--preset--spacing--superbspacing-small);padding-right:var(--wp--preset--spacing--superbspacing-small);padding-bottom:var(--wp--preset--spacing--superbspacing-small);padding-left:var(--wp--preset--spacing--superbspacing-small)\">\n<figure class=\"wp-block-image aligncenter size-full is-resized\"><img loading=\"lazy\" decoding=\"async\" width=\"107\" height=\"119\" src=\"https:\/\/teamtic.net\/wp-content\/uploads\/2024\/08\/Capture-removebg-preview-8.png\" alt=\"\" class=\"wp-image-200\" style=\"aspect-ratio:1;object-fit:cover;width:84px;height:auto\"\/><\/figure>\n\n\n\n<h3 class=\"wp-block-heading has-text-align-center has-mono-1-color has-text-color has-link-color has-superbfont-medium-font-size wp-elements-01fb685a387a715895a80c5c3b63df1e\" style=\"margin-top:0;margin-bottom:0\">Mat\u00e9riels Audio-Visuel<\/h3>\n\n\n\n<p class=\"has-text-align-center has-mono-2-color has-text-color has-superbfont-xsmall-font-size\" style=\"margin-top:var(--wp--preset--spacing--superbspacing-xxsmall);margin-bottom:0\"><strong>Equipements vid\u00e9o<\/strong>: cam\u00e9ras vid\u00e9o,projecteurs, moniteurs et \u00e9rans ; <strong>Equipement audio<\/strong>:microphones casques Audio, table de mixage;<\/p>\n\n\n\n<p class=\"has-text-align-center has-mono-2-color has-text-color has-superbfont-xsmall-font-size\" style=\"margin-top:0;margin-bottom:0\"><strong> Accessoires et supports : t<\/strong>r\u00e9pieds et grues, cables et connecteurs , support de stockage; <\/p>\n\n\n\n<p class=\"has-text-align-center has-mono-2-color has-text-color has-superbfont-xsmall-font-size\" style=\"margin-top:0;margin-bottom:0\"><strong>Systeme de conf\u00e9rence et visio<\/strong>: Systeme de vid\u00e9oconf\u00e9rence; <\/p>\n\n\n\n<p class=\"has-text-align-center has-mono-2-color has-text-color has-superbfont-xsmall-font-size\" style=\"margin-top:0;margin-bottom:0\"><strong>Equipement de post-production.<\/strong><\/p>\n\n\n\n<p class=\"has-text-align-center has-mono-2-color has-text-color has-superbfont-xsmall-font-size\" style=\"margin-top:var(--wp--preset--spacing--superbspacing-xxsmall);margin-bottom:0\">.<\/p>\n<\/div>\n\n\n\n<div class=\"wp-block-column has-border-color has-mono-1-border-color has-mono-4-background-color has-background is-layout-flow wp-block-column-is-layout-flow\" style=\"border-width:20px;padding-top:var(--wp--preset--spacing--superbspacing-small);padding-right:var(--wp--preset--spacing--superbspacing-small);padding-bottom:var(--wp--preset--spacing--superbspacing-small);padding-left:var(--wp--preset--spacing--superbspacing-small)\">\n<figure class=\"wp-block-image aligncenter size-full is-resized\"><img loading=\"lazy\" decoding=\"async\" width=\"114\" height=\"122\" src=\"https:\/\/teamtic.net\/wp-content\/uploads\/2024\/08\/Capture-removebg-preview-9.png\" alt=\"\" class=\"wp-image-201\" style=\"aspect-ratio:1;object-fit:cover;width:90px;height:auto\"\/><\/figure>\n\n\n\n<h3 class=\"wp-block-heading has-text-align-center has-mono-1-color has-text-color has-superbfont-medium-font-size\" style=\"margin-top:0;margin-bottom:0\">Infrastructure r\u00e9seaux et s\u00e9curit\u00e9s<\/h3>\n\n\n\n<p class=\"has-text-align-center has-mono-2-color has-text-color has-superbfont-xsmall-font-size\" style=\"margin-top:0;margin-bottom:0\"><strong>Mat\u00e9riel de r\u00e9seau: <\/strong>les routeurs, switches, pointd&rsquo;acc\u00e8s Wi-Fi,modems; <\/p>\n\n\n\n<p class=\"has-text-align-center has-mono-2-color has-text-color has-superbfont-xsmall-font-size\" style=\"margin-top:0;margin-bottom:0\"><strong>P\u00e9rif\u00e9riques de s\u00e9curit\u00e9s<\/strong>:Firewalls Physiques, Syst\u00e8mes UPS, Cam\u00e9ras de s\u00e9curit\u00e9s, cartes et lecteurs de cartes (pour acc\u00e8s securis\u00e9) etc;<\/p>\n\n\n\n<p class=\"has-text-align-center has-mono-2-color has-text-color has-superbfont-xsmall-font-size\" style=\"margin-top:0;margin-bottom:0\"><strong>Accessoires informatiques : <\/strong>cables et connecteurs, etc&#8230;<\/p>\n\n\n\n<p class=\"has-text-align-center has-mono-2-color has-text-color has-superbfont-xsmall-font-size\" style=\"margin-top:0;margin-bottom:0\"><strong> Architecture, les protocoles et les syst\u00e8mes qui g\u00e8rent la connectivit\u00e9, les communications, et la s\u00e9curit\u00e9 des donn\u00e9es <\/strong>;<\/p>\n\n\n\n<p class=\"has-text-align-center has-mono-2-color has-text-color has-superbfont-xsmall-font-size\" style=\"margin-top:0;margin-bottom:0\"><strong> Solutions logicielles pour la protection des r\u00e9seaux:<\/strong> antivirus, syst\u00e8mes de d\u00e9tection d&rsquo;intrusion (IDS), et VPN.<\/p>\n<\/div>\n<\/div>\n\n\n\n<div class=\"wp-block-group alignfull has-global-padding is-layout-constrained wp-container-core-group-is-layout-58718c00 wp-block-group-is-layout-constrained\" style=\"margin-top:0;margin-bottom:0;padding-top:var(--wp--preset--spacing--superbspacing-medium);padding-right:var(--wp--preset--spacing--superbspacing-small);padding-bottom:var(--wp--preset--spacing--superbspacing-large);padding-left:var(--wp--preset--spacing--superbspacing-small)\">\n<div class=\"wp-block-group alignwide has-global-padding is-layout-constrained wp-container-core-group-is-layout-b3edac70 wp-block-group-is-layout-constrained\" style=\"border-radius:50px;padding-top:var(--wp--preset--spacing--superbspacing-small)\">\n<div class=\"wp-block-columns is-layout-flex wp-container-core-columns-is-layout-28f84493 wp-block-columns-is-layout-flex\">\n<div class=\"wp-block-column has-border-color has-mono-2-border-color has-mono-4-background-color has-background is-layout-flow wp-block-column-is-layout-flow\" style=\"border-width:50px;padding-top:var(--wp--preset--spacing--superbspacing-small);padding-right:var(--wp--preset--spacing--superbspacing-small);padding-bottom:var(--wp--preset--spacing--superbspacing-small);padding-left:var(--wp--preset--spacing--superbspacing-small)\">\n<figure class=\"wp-block-image alignleft size-full is-resized\"><img loading=\"lazy\" decoding=\"async\" width=\"479\" height=\"521\" src=\"https:\/\/teamtic.net\/wp-content\/uploads\/2024\/08\/Capture-removebg-preview-10.png\" alt=\"\" class=\"wp-image-227\" style=\"aspect-ratio:1;object-fit:cover;width:242px;height:auto\" srcset=\"https:\/\/teamtic.net\/wp-content\/uploads\/2024\/08\/Capture-removebg-preview-10.png 479w, https:\/\/teamtic.net\/wp-content\/uploads\/2024\/08\/Capture-removebg-preview-10-276x300.png 276w\" sizes=\"auto, (max-width: 479px) 100vw, 479px\" \/><\/figure>\n\n\n\n<h3 class=\"wp-block-heading has-text-align-left has-mono-1-color has-text-color has-link-color has-superbfont-medium-font-size wp-elements-37475220002b31eb84d890ca55a18ddc\" style=\"margin-top:0;margin-bottom:0\"><strong>Livret de processus et de suivi des \u00e9tapes de travaux pour les personnels travaillants sur terrain<\/strong><\/h3>\n\n\n\n<p>Conception et Design<\/p>\n<\/div>\n\n\n\n<div class=\"wp-block-column has-border-color has-mono-2-border-color has-mono-4-background-color has-background is-layout-flow wp-block-column-is-layout-flow\" style=\"border-width:50px;padding-top:var(--wp--preset--spacing--superbspacing-small);padding-right:var(--wp--preset--spacing--superbspacing-small);padding-bottom:var(--wp--preset--spacing--superbspacing-small);padding-left:var(--wp--preset--spacing--superbspacing-small)\">\n<figure class=\"wp-block-image size-full is-resized\"><img loading=\"lazy\" decoding=\"async\" width=\"619\" height=\"403\" src=\"https:\/\/teamtic.net\/wp-content\/uploads\/2024\/08\/Capture-removebg-preview-11.png\" alt=\"\" class=\"wp-image-228\" style=\"aspect-ratio:1;object-fit:cover;width:228px;height:auto\" srcset=\"https:\/\/teamtic.net\/wp-content\/uploads\/2024\/08\/Capture-removebg-preview-11.png 619w, https:\/\/teamtic.net\/wp-content\/uploads\/2024\/08\/Capture-removebg-preview-11-300x195.png 300w\" sizes=\"auto, (max-width: 619px) 100vw, 619px\" \/><\/figure>\n\n\n\n<p><\/p>\n\n\n\n<h3 class=\"wp-block-heading has-text-align-left has-mono-1-color has-text-color has-superbfont-medium-font-size\" style=\"margin-top:0;margin-bottom:0\">Booklet de pr\u00e9sentation du projet et de son Programme<\/h3>\n\n\n\n<p>Conception et Design<\/p>\n<\/div>\n<\/div>\n<\/div>\n<\/div>\n","protected":false},"excerpt":{"rendered":"<p>Transformez votre entreprise avec nos solutions digitales innovantes. Que vous cherchiez \u00e0 moderniser vos op\u00e9rations ou \u00e0 optimiser votre pr\u00e9sence num\u00e9rique, nous avons les outils et l&rsquo;expertise pour vous guider dans chaque \u00e9tape de votre transformation digitale. Design UX\/UI Design Graphique : Cr\u00e9ation d&rsquo;identit\u00e9s visuelles, logos, et autres \u00e9l\u00e9ments graphiques.Conception UX\/UI : Am\u00e9lioration de l&rsquo;exp\u00e9rience [&hellip;]<\/p>\n","protected":false},"author":1,"featured_media":0,"parent":0,"menu_order":0,"comment_status":"closed","ping_status":"closed","template":"","meta":{"footnotes":""},"class_list":["post-85","page","type-page","status-publish","hentry"],"_links":{"self":[{"href":"https:\/\/teamtic.net\/index.php\/wp-json\/wp\/v2\/pages\/85","targetHints":{"allow":["GET"]}}],"collection":[{"href":"https:\/\/teamtic.net\/index.php\/wp-json\/wp\/v2\/pages"}],"about":[{"href":"https:\/\/teamtic.net\/index.php\/wp-json\/wp\/v2\/types\/page"}],"author":[{"embeddable":true,"href":"https:\/\/teamtic.net\/index.php\/wp-json\/wp\/v2\/users\/1"}],"replies":[{"embeddable":true,"href":"https:\/\/teamtic.net\/index.php\/wp-json\/wp\/v2\/comments?post=85"}],"version-history":[{"count":29,"href":"https:\/\/teamtic.net\/index.php\/wp-json\/wp\/v2\/pages\/85\/revisions"}],"predecessor-version":[{"id":298,"href":"https:\/\/teamtic.net\/index.php\/wp-json\/wp\/v2\/pages\/85\/revisions\/298"}],"wp:attachment":[{"href":"https:\/\/teamtic.net\/index.php\/wp-json\/wp\/v2\/media?parent=85"}],"curies":[{"name":"wp","href":"https:\/\/api.w.org\/{rel}","templated":true}]}}