{"id":57,"date":"2024-08-08T12:14:12","date_gmt":"2024-08-08T12:14:12","guid":{"rendered":"https:\/\/teamtic.net\/?page_id=57"},"modified":"2024-08-09T13:37:06","modified_gmt":"2024-08-09T13:37:06","slug":"team-tic-votre-partenaire-strategique-pour-la-revolution-numerique","status":"publish","type":"page","link":"https:\/\/teamtic.net\/index.php\/team-tic-votre-partenaire-strategique-pour-la-revolution-numerique\/","title":{"rendered":"Qui sommes-nous?"},"content":{"rendered":"\n<div class=\"wp-block-group is-layout-flow wp-block-group-is-layout-flow\"><\/div>\n\n\n\n<div class=\"wp-block-group alignfull has-mono-4-background-color has-background has-global-padding is-layout-constrained wp-container-core-group-is-layout-0fb8dd87 wp-block-group-is-layout-constrained\" style=\"margin-top:0;margin-bottom:0;padding-top:var(--wp--preset--spacing--superbspacing-medium);padding-right:var(--wp--preset--spacing--superbspacing-small);padding-bottom:var(--wp--preset--spacing--superbspacing-medium);padding-left:var(--wp--preset--spacing--superbspacing-small)\">\n<div class=\"wp-block-columns alignwide is-layout-flex wp-container-core-columns-is-layout-25593187 wp-block-columns-is-layout-flex\">\n<div class=\"wp-block-column is-vertically-aligned-top is-layout-flow wp-container-core-column-is-layout-b101977f wp-block-column-is-layout-flow\" style=\"padding-right:0;padding-bottom:0;padding-left:0\">\n<h3 class=\"wp-block-heading has-text-align-left has-mono-2-color has-text-color has-superbfont-small-font-size\">Tout a commenc\u00e9 dans un petit bureau&#8230;<\/h3>\n\n\n\n<h3 class=\"wp-block-heading has-text-align-center has-contrast-light-color has-mono-2-background-color has-text-color has-background has-link-color has-superbfont-large-font-size wp-elements-05944aede4493fee10247e042d4597aa\"><strong>TEAM TIC &#8211; Votre partenaire strat\u00e9gique pour la r\u00e9volution num\u00e9rique !<\/strong><\/h3>\n\n\n\n<p><\/p>\n\n\n\n<p class=\"has-text-align-left has-superbfont-medium-font-size\"><strong><em>En 2013, notre aventure a commenc\u00e9 avec une vision clair: transformer le paysage num\u00e9rique en offrant des exp\u00e9riences en ligne exceptionnelles. <\/em><\/strong><\/p>\n\n\n\n<p class=\"has-text-align-left has-superbfont-medium-font-size\"><strong><em>Fond\u00e9e par un groupe de passionn\u00e9s de technologie et de design, notre agence digitale a vu le jour dans un petit bureau au c\u0153ur de l&rsquo;Universit\u00e9 d&rsquo;Antananarivo. <\/em><\/strong><\/p>\n\n\n\n<p class=\"has-text-align-left has-superbfont-medium-font-size\"><strong><em>Anim\u00e9s par une passion commune pour l&rsquo;innovation et la cr\u00e9ativit\u00e9, nous avons d\u00e9cid\u00e9 de r\u00e9unir nos comp\u00e9tences pour aider les entreprises \u00e0 prosp\u00e9rer dans l&rsquo;\u00e8re num\u00e9rique.<\/em><\/strong><\/p>\n<\/div>\n\n\n\n<div class=\"wp-block-column is-vertically-aligned-center is-layout-flow wp-container-core-column-is-layout-a1628350 wp-block-column-is-layout-flow\" style=\"padding-top:0;padding-right:0;padding-bottom:0;padding-left:0\">\n<p class=\"has-text-align-left has-mono-2-color has-text-color has-superbfont-small-font-size\">Chez <strong>TEAM TIC<\/strong>, nous repoussons les limites de l&rsquo;innovation num\u00e9rique. En tant que pionniers de la digitalisation avanc\u00e9e, nous sommes plus qu&rsquo;une simple entreprise de technologie &#8211; nous sommes les architectes du changement, les visionnaires du futur num\u00e9rique<\/p>\n\n\n\n<p class=\"has-superbfont-small-font-size\">Notre \u00e9quipe dynamique de passionn\u00e9s de la technologie s&rsquo;engage \u00e0 transformer votre organisation en un moteur de l&rsquo;innovation et de la croissance. Avec une expertise in\u00e9gal\u00e9e et une approche strat\u00e9gique, nous concevons des solutions sur mesure qui propulsent votre organisation vers de nouveaux sommets de succ\u00e8s num\u00e9rique.<\/p>\n\n\n\n<p class=\"has-vivid-cyan-blue-color has-text-color has-link-color has-superbfont-small-font-size wp-elements-1b72a6decb63e5092197d36fbad62691\">Les principes directeurs de nos actions :<strong> Respect de nos engagements \u2013 Performance \u2013  Souplesse<\/strong><\/p>\n\n\n\n<p class=\"has-superbfont-small-font-size\">Avec <strong>TEAM TIC, <\/strong>vous b\u00e9n\u00e9ficiez d&rsquo;une excellence sans compromis, d&rsquo;une cr\u00e9ativit\u00e9 sans bornes et d&rsquo;une collaboration sans pareille. Ensemble, nous sommes pr\u00eats \u00e0 fa\u00e7onner un avenir num\u00e9rique audacieux et radieux pour votre organisation.<\/p>\n\n\n\n<p class=\"has-text-align-left has-vivid-cyan-blue-color has-text-color has-superbfont-small-font-size\"><strong><em>Rejoignez-nous dans cette aventure passionnante vers l&rsquo;excellence num\u00e9rique. TEAM TIC &#8211; Votre succ\u00e8s, notre passion.<\/em><\/strong>.<\/p>\n<\/div>\n<\/div>\n\n\n\n<figure class=\"wp-block-image alignwide size-large has-custom-border\"><img loading=\"lazy\" decoding=\"async\" width=\"1024\" height=\"683\" src=\"https:\/\/teamtic.net\/wp-content\/uploads\/2024\/08\/john-schnobrich-2FPjlAyMQTA-unsplash-1-1024x683.jpg\" alt=\"\" class=\"wp-image-291\" style=\"border-radius:30px\" srcset=\"https:\/\/teamtic.net\/wp-content\/uploads\/2024\/08\/john-schnobrich-2FPjlAyMQTA-unsplash-1-1024x683.jpg 1024w, https:\/\/teamtic.net\/wp-content\/uploads\/2024\/08\/john-schnobrich-2FPjlAyMQTA-unsplash-1-300x200.jpg 300w, https:\/\/teamtic.net\/wp-content\/uploads\/2024\/08\/john-schnobrich-2FPjlAyMQTA-unsplash-1-768x512.jpg 768w, https:\/\/teamtic.net\/wp-content\/uploads\/2024\/08\/john-schnobrich-2FPjlAyMQTA-unsplash-1-1536x1024.jpg 1536w, https:\/\/teamtic.net\/wp-content\/uploads\/2024\/08\/john-schnobrich-2FPjlAyMQTA-unsplash-1-2048x1365.jpg 2048w\" sizes=\"auto, (max-width: 1024px) 100vw, 1024px\" \/><\/figure>\n<\/div>\n","protected":false},"excerpt":{"rendered":"<p>Tout a commenc\u00e9 dans un petit bureau&#8230; TEAM TIC &#8211; Votre partenaire strat\u00e9gique pour la r\u00e9volution num\u00e9rique ! En 2013, notre aventure a commenc\u00e9 avec une vision clair: transformer le paysage num\u00e9rique en offrant des exp\u00e9riences en ligne exceptionnelles. Fond\u00e9e par un groupe de passionn\u00e9s de technologie et de design, notre agence digitale a vu [&hellip;]<\/p>\n","protected":false},"author":1,"featured_media":0,"parent":0,"menu_order":0,"comment_status":"closed","ping_status":"closed","template":"","meta":{"footnotes":""},"class_list":["post-57","page","type-page","status-publish","hentry"],"_links":{"self":[{"href":"https:\/\/teamtic.net\/index.php\/wp-json\/wp\/v2\/pages\/57","targetHints":{"allow":["GET"]}}],"collection":[{"href":"https:\/\/teamtic.net\/index.php\/wp-json\/wp\/v2\/pages"}],"about":[{"href":"https:\/\/teamtic.net\/index.php\/wp-json\/wp\/v2\/types\/page"}],"author":[{"embeddable":true,"href":"https:\/\/teamtic.net\/index.php\/wp-json\/wp\/v2\/users\/1"}],"replies":[{"embeddable":true,"href":"https:\/\/teamtic.net\/index.php\/wp-json\/wp\/v2\/comments?post=57"}],"version-history":[{"count":12,"href":"https:\/\/teamtic.net\/index.php\/wp-json\/wp\/v2\/pages\/57\/revisions"}],"predecessor-version":[{"id":301,"href":"https:\/\/teamtic.net\/index.php\/wp-json\/wp\/v2\/pages\/57\/revisions\/301"}],"wp:attachment":[{"href":"https:\/\/teamtic.net\/index.php\/wp-json\/wp\/v2\/media?parent=57"}],"curies":[{"name":"wp","href":"https:\/\/api.w.org\/{rel}","templated":true}]}}